{"id":3190,"date":"2024-08-07T15:05:31","date_gmt":"2024-08-07T15:05:31","guid":{"rendered":"https:\/\/www.jorgearevalo.com\/?post_type=product&#038;p=3190"},"modified":"2025-12-15T00:02:13","modified_gmt":"2025-12-15T00:02:13","slug":"prouve-30x40-edicion02","status":"publish","type":"product","link":"https:\/\/www.jorgearevalo.com\/en\/product\/prouve-30x40-edicion02\/","title":{"rendered":"Prouv\u00e9 \/ 30&#215;40 \/ edici\u00f3n02"},"content":{"rendered":"","protected":false},"excerpt":{"rendered":"<p>L\u00e1mina de &#8220;Jean Prouv\u00e9&#8221; serie ARCHITECS &amp; CHAIRS.<br \/>\nEdici\u00f3n limitada de 25 unidades, firmada y seriada.<br \/>\nImpresi\u00f3n gicle\u00e9 de alta calidad en papel arte LithoR de 170gr.<\/p>\n","protected":false},"featured_media":3188,"template":"","meta":[],"_links":{"self":[{"href":"https:\/\/www.jorgearevalo.com\/en\/wp-json\/wp\/v2\/product\/3190"}],"collection":[{"href":"https:\/\/www.jorgearevalo.com\/en\/wp-json\/wp\/v2\/product"}],"about":[{"href":"https:\/\/www.jorgearevalo.com\/en\/wp-json\/wp\/v2\/types\/product"}],"wp:featuredmedia":[{"embeddable":true,"href":"https:\/\/www.jorgearevalo.com\/en\/wp-json\/wp\/v2\/media\/3188"}],"wp:attachment":[{"href":"https:\/\/www.jorgearevalo.com\/en\/wp-json\/wp\/v2\/media?parent=3190"}],"curies":[{"name":"wp","href":"https:\/\/api.w.org\/{rel}","templated":true}]}}