{"id":3125,"date":"2024-04-24T14:12:24","date_gmt":"2024-04-24T14:12:24","guid":{"rendered":"https:\/\/www.jorgearevalo.com\/?post_type=product&#038;p=3125"},"modified":"2025-10-23T14:02:56","modified_gmt":"2025-10-23T14:02:56","slug":"encargos-de-la-cuenta-de-instagram","status":"publish","type":"product","link":"https:\/\/www.jorgearevalo.com\/en\/product\/encargos-de-la-cuenta-de-instagram\/","title":{"rendered":"Encargos de la cuenta de INSTAGRAM"},"content":{"rendered":"<p><img loading=\"lazy\" class=\"alignnone size-full wp-image-3124\" src=\"https:\/\/www.jorgearevalo.com\/wp-content\/uploads\/2024\/04\/IMG_7215.png\" alt=\"\" width=\"750\" height=\"1334\" srcset=\"https:\/\/www.jorgearevalo.com\/wp-content\/uploads\/2024\/04\/IMG_7215.png 750w, https:\/\/www.jorgearevalo.com\/wp-content\/uploads\/2024\/04\/IMG_7215-169x300.png 169w, https:\/\/www.jorgearevalo.com\/wp-content\/uploads\/2024\/04\/IMG_7215-576x1024.png 576w, https:\/\/www.jorgearevalo.com\/wp-content\/uploads\/2024\/04\/IMG_7215-300x534.png 300w, https:\/\/www.jorgearevalo.com\/wp-content\/uploads\/2024\/04\/IMG_7215-600x1067.png 600w\" sizes=\"(max-width: 750px) 100vw, 750px\" \/><\/p>\n","protected":false},"excerpt":{"rendered":"<p>Desde este enlace se puede comprar cualquier ilustraci\u00f3n* subida a mi cuenta de INSTAGRAM en formato 30&#215;40. Solo ten\u00e9is que especificar qu\u00e9 ilustraci\u00f3n quer\u00e9is, en breve recibir\u00e9is un correo personal confirmando la obra para que no haya dudas y pondremos en marcha el proceso.<\/p>\n<p>El precio es ligeramente superior al resto de l\u00e1minas, pues se hace ex profeso. Por esta misma raz\u00f3n el tiempo de entrega puede ser ligeramente superior al habitual.<\/p>\n<p>La l\u00e1mina va firmada, pero no seriada.<\/p>\n<p>Impresi\u00f3n gicle\u00e9 de alta calidad en papel arte LithoR de 170gr.<\/p>\n<p>*El autor se reserva el derecho de no reproducir determinadas ilustraciones.<\/p>\n<p>&nbsp;<\/p>\n","protected":false},"featured_media":3124,"template":"","meta":[],"_links":{"self":[{"href":"https:\/\/www.jorgearevalo.com\/en\/wp-json\/wp\/v2\/product\/3125"}],"collection":[{"href":"https:\/\/www.jorgearevalo.com\/en\/wp-json\/wp\/v2\/product"}],"about":[{"href":"https:\/\/www.jorgearevalo.com\/en\/wp-json\/wp\/v2\/types\/product"}],"wp:featuredmedia":[{"embeddable":true,"href":"https:\/\/www.jorgearevalo.com\/en\/wp-json\/wp\/v2\/media\/3124"}],"wp:attachment":[{"href":"https:\/\/www.jorgearevalo.com\/en\/wp-json\/wp\/v2\/media?parent=3125"}],"curies":[{"name":"wp","href":"https:\/\/api.w.org\/{rel}","templated":true}]}}