{"id":640,"date":"2015-11-01T22:45:34","date_gmt":"2015-11-01T22:45:34","guid":{"rendered":"http:\/\/www.jorgearevalo.com\/en\/?page_id=640"},"modified":"2016-02-22T18:19:49","modified_gmt":"2016-02-22T18:19:49","slug":"books-esp","status":"publish","type":"page","link":"https:\/\/www.jorgearevalo.com\/en\/books-esp\/","title":{"rendered":"Books ENG"},"content":{"rendered":"<p>[vc_row css=&#8221;.vc_custom_1448389455408{margin-top: 30px !important;margin-right: 50px !important;margin-left: 50px !important;}&#8221;][vc_column width=&#8221;1\/4&#8243; el_class=&#8221;baskertext&#8221;][vc_single_image image=&#8221;828&#8243; img_size=&#8221;full&#8221;][vc_column_text css=&#8221;.vc_custom_1450087945751{padding-right: 20px !important;padding-left: 20px !important;}&#8221;]Un nuevo y actual libro recopilatorio con m\u00e1s de 180 pg llenas de personajes del mundo de la m\u00fasica, el cine, la televisi\u00f3n y la moda. Cuenta con un pr\u00f3logo del dise\u00f1ador de moda Custo Dalmau. Est\u00e1 publicado en tres idiomas y la versi\u00f3n francesa de PORTRAITS tiene portada exclusiva. <strong>Disponible en librer\u00edas de todo el mundo.<br \/>\n<\/strong>[\/vc_column_text][\/vc_column][vc_column width=&#8221;1\/4&#8243; el_class=&#8221;baskertext&#8221;][vc_single_image image=&#8221;820&#8243; img_size=&#8221;full&#8221; alignment=&#8221;center&#8221;][vc_column_text css=&#8221;.vc_custom_1450304494528{padding-right: 20px !important;padding-left: 20px !important;}&#8221;]El primer libro recopilatorio de ilustraciones publicado en 2006. Con personajes del mundo de la m\u00fasica, el cine, la televisi\u00f3n y la moda. RETRATOS recibi\u00f3 el Premio Daniel Gil en 2007 al mejor dise\u00f1o editorial, as\u00ed como el premio de la AEPD al mejor libro de ilustraci\u00f3n. Publicado en dos idiomas se vendi\u00f3 en librer\u00edas y tiendas de lifestyle de todo el mundo.<br \/>\n<strong>Agotado.<\/strong>[\/vc_column_text][\/vc_column][vc_column width=&#8221;1\/4&#8243; el_class=&#8221;baskertext&#8221;][vc_single_image image=&#8221;821&#8243; img_size=&#8221;full&#8221; alignment=&#8221;center&#8221;][vc_column_text css=&#8221;.vc_custom_1448389423646{padding-right: 20px !important;padding-left: 20px !important;}&#8221;]Un libro personal e \u00edntimo, lleno de ilustraciones sensuales entre la moda y el erotismo. Agotada la primera edici\u00f3n en librer\u00edas. Disponible on line a trav\u00e9s del mail de contacto.<br \/>\n<strong>50\u20ac+env\u00edo.<\/strong>[\/vc_column_text][\/vc_column][vc_column width=&#8221;1\/4&#8243; el_class=&#8221;baskertext&#8221;][vc_single_image image=&#8221;1239&#8243; img_size=&#8221;full&#8221; alignment=&#8221;center&#8221;][vc_column_text css=&#8221;.vc_custom_1456164893498{padding-right: 20px !important;padding-left: 20px !important;}&#8221;]Selecci\u00f3n de sus ilustraciones en los libros monogr\u00e1ficos de ilustraci\u00f3n de la editorial TASCHEN, ILLUSTRATION NOW (vol I), PORTRAITS (vol I) y 100 ILLUSTRATORS, donde la prestigiosa editorial selecciona el top 100 de los ilustradores mundiales.<br \/>\n<strong>Disponibles en <a href=\"http:\/\/www.taschen.com\">www.taschen.com<\/a><\/strong>[\/vc_column_text][\/vc_column][\/vc_row][vc_row type=&#8221;boxed&#8221;][vc_column css=&#8221;.vc_custom_1446044914916{margin-top: 50px !important;}&#8221;][vc_basic_grid post_type=&#8221;post&#8221; max_items=&#8221;3&#8243; gap=&#8221;25&#8243; item=&#8221;133&#8243; grid_id=&#8221;vc_gid:1446044724611-58e48986-a958-0&#8243;][\/vc_column][\/vc_row]<\/p>\n","protected":false},"excerpt":{"rendered":"<p>[vc_row css=&#8221;.vc_custom_1448389455408{margin-top: 30px !important;margin-right: 50px !important;margin-left: 50px !important;}&#8221;][vc_column width=&#8221;1\/4&#8243; el_class=&#8221;baskertext&#8221;][vc_single_image image=&#8221;828&#8243; img_size=&#8221;full&#8221;][vc_column_text css=&#8221;.vc_custom_1450087945751{padding-right: 20px !important;padding-left: 20px !important;}&#8221;]Un nuevo y actual libro recopilatorio con m\u00e1s de 180 pg llenas de personajes del mundo de la m\u00fasica, el cine, la televisi\u00f3n y la moda. Cuenta con un pr\u00f3logo del dise\u00f1ador de moda Custo Dalmau. Est\u00e1 publicado en <\/p>\n","protected":false},"author":1,"featured_media":0,"parent":0,"menu_order":0,"comment_status":"closed","ping_status":"closed","template":"page-full_single_footer.php","meta":[],"_links":{"self":[{"href":"https:\/\/www.jorgearevalo.com\/en\/wp-json\/wp\/v2\/pages\/640"}],"collection":[{"href":"https:\/\/www.jorgearevalo.com\/en\/wp-json\/wp\/v2\/pages"}],"about":[{"href":"https:\/\/www.jorgearevalo.com\/en\/wp-json\/wp\/v2\/types\/page"}],"author":[{"embeddable":true,"href":"https:\/\/www.jorgearevalo.com\/en\/wp-json\/wp\/v2\/users\/1"}],"replies":[{"embeddable":true,"href":"https:\/\/www.jorgearevalo.com\/en\/wp-json\/wp\/v2\/comments?post=640"}],"version-history":[{"count":0,"href":"https:\/\/www.jorgearevalo.com\/en\/wp-json\/wp\/v2\/pages\/640\/revisions"}],"wp:attachment":[{"href":"https:\/\/www.jorgearevalo.com\/en\/wp-json\/wp\/v2\/media?parent=640"}],"curies":[{"name":"wp","href":"https:\/\/api.w.org\/{rel}","templated":true}]}}