{"id":154,"date":"2015-10-28T14:58:54","date_gmt":"2015-10-28T14:58:54","guid":{"rendered":"http:\/\/www.jorgearevalo.com\/?page_id=154"},"modified":"2015-11-25T21:24:20","modified_gmt":"2015-11-25T21:24:20","slug":"about","status":"publish","type":"page","link":"https:\/\/www.jorgearevalo.com\/en\/about\/","title":{"rendered":"About ENG"},"content":{"rendered":"<p>[vc_row][vc_column width=&#8221;4\/6&#8243;][vc_single_image image=&#8221;976&#8243; img_size=&#8221;full&#8221;][\/vc_column][vc_column width=&#8221;2\/6&#8243; el_class=&#8221;baskertext&#8221;][vc_column_text css=&#8221;.vc_custom_1448486585340{padding-right: 20px !important;}&#8221;]Director creativo y dise\u00f1ador, trabaja para distintas agencias y cuenta en su haber con clientes como Cartier, Roberto Verino, Angel Schlesser, Sony Ericsson, BBVA, Kodak, Accor Hoteles, Westin Palace, etc\u2026<\/p>\n<p>Jorge Ar\u00e9valo ilustrador:<\/p>\n<p>Desde finales de los 90 sus ilustraciones son solicitadas por las principales publicaciones. Su trabajo m\u00e1s conocido quiz\u00e1 sean sus personajes en el suplemento LA LUNA, toda una se\u00f1a de identidad del diario EL MUNDO desde hace a\u00f1os.<\/p>\n<p>Colabora en revistas como VANITY FAIR, THE NEWYORKER, ROLLING STONE, ESQUIRE o VANIDAD. Ilustra en Europa y EEUU y es premiado con una medalla de oro, dos de plata y diversas menciones en los Premios Internacionales de la SND (Society for News Design-EEUU). Su trabajo se menciona en la prestigiosa publicaci\u00f3n inglesa \u201cBASELINE\u201d.<\/p>\n<p>En 2005 publica su primer libro, \u201cRETRATOS\u201d. Una selecci\u00f3n de personajes del cine, la m\u00fasica o la moda retratados por el autor. \u201cRETRATOS\u201d recibe el \u201cPREMIO NACIONAL DE DISE\u00d1O EDITORIAL DANIEL GIL\u201d en 2006 y el \u201cPREMIO NACIONAL DE LA AEPD\u201d al mejor libro de ilustraci\u00f3n en 2007.<\/p>\n<p>En oto\u00f1o de 2007 publica \u201cBIS\u201d, un nuevo y personal libro de ilustraciones er\u00f3ticas en el que est\u00e1 inspirada la colecci\u00f3n \u201cCHERCHEZ LA FEMME\u201d. RETRATOS Y BIS se venden en librer\u00edas y tiendas de lifestyle de todo el mundo: Londres, Par\u00eds, Berl\u00edn, Ginebra, Tokio, New York, Singapour, Mil\u00e1n, etc. A ambos libros se les han dedicado espacios en publicaciones como Vogue, Elle, Elle Italia, Neo2, Yo Dona, Woman, Glamour, In Style, Mundo Magazine\u2026<\/p>\n<p>Sus ilustraciones sirven de presentaci\u00f3n para el nuevo canal de TV CUATRO. Dirige y dise\u00f1a dos pel\u00edculas animadas de presentaci\u00f3n para dicho canal.<\/p>\n<p>Sus ilustraciones forman parte de las colecciones de CUSTO BARCELONA desde 2006.<\/p>\n<p>Es incluido en el primer recopilatorio de TASCHEN \u201cILLUTRATION NOW\u201d, as\u00ed como en el primer recopilatorio \u201cPORTRAITS\u201d . En 2014 se le incluye en el recopilatorio \u201c100 ILLUSTRATORS\u201d de TASCHEN donde la Editorial hace una selecci\u00f3n definitiva de los 100 mejores ilustradores mundiales en activo.<\/p>\n<p>Su colecci\u00f3n de ilustraciones \u201cCHERCHEZ LA FEMME\u201d tiene varias exposiciones en Madrid y en 2014 participa en la exposici\u00f3n \u201c3de100\u201d de TASCHEN junto a Carmen G. Huerta y David Despau.<\/p>\n<p>En 2015 publica PORTRAITS, un nuevo libro recopilatorio de casi 200pg con nuevos personajes publicados en revistas como Vanity Fair o The New Yorker. Se publica en tres idiomas y se distribuye a nivel mundial.<br \/>\n[\/vc_column_text][\/vc_column][\/vc_row][vc_row type=&#8221;boxed&#8221;][vc_column css=&#8221;.vc_custom_1446044914916{margin-top: 50px !important;}&#8221;][vc_basic_grid post_type=&#8221;post&#8221; max_items=&#8221;3&#8243; gap=&#8221;25&#8243; item=&#8221;133&#8243; grid_id=&#8221;vc_gid:1446044724611-58e48986-a958-0&#8243;][\/vc_column][\/vc_row]<\/p>\n","protected":false},"excerpt":{"rendered":"<p>[vc_row][vc_column width=&#8221;4\/6&#8243;][vc_single_image image=&#8221;976&#8243; img_size=&#8221;full&#8221;][\/vc_column][vc_column width=&#8221;2\/6&#8243; el_class=&#8221;baskertext&#8221;][vc_column_text css=&#8221;.vc_custom_1448486585340{padding-right: 20px !important;}&#8221;]Director creativo y dise\u00f1ador, trabaja para distintas agencias y cuenta en su haber con clientes como Cartier, Roberto Verino, Angel Schlesser, Sony Ericsson, BBVA, Kodak, Accor Hoteles, Westin Palace, etc\u2026 Jorge Ar\u00e9valo ilustrador: Desde finales de los 90 sus ilustraciones son solicitadas por las principales publicaciones. Su <\/p>\n","protected":false},"author":1,"featured_media":0,"parent":0,"menu_order":0,"comment_status":"closed","ping_status":"closed","template":"page-full.php","meta":[],"_links":{"self":[{"href":"https:\/\/www.jorgearevalo.com\/en\/wp-json\/wp\/v2\/pages\/154"}],"collection":[{"href":"https:\/\/www.jorgearevalo.com\/en\/wp-json\/wp\/v2\/pages"}],"about":[{"href":"https:\/\/www.jorgearevalo.com\/en\/wp-json\/wp\/v2\/types\/page"}],"author":[{"embeddable":true,"href":"https:\/\/www.jorgearevalo.com\/en\/wp-json\/wp\/v2\/users\/1"}],"replies":[{"embeddable":true,"href":"https:\/\/www.jorgearevalo.com\/en\/wp-json\/wp\/v2\/comments?post=154"}],"version-history":[{"count":0,"href":"https:\/\/www.jorgearevalo.com\/en\/wp-json\/wp\/v2\/pages\/154\/revisions"}],"wp:attachment":[{"href":"https:\/\/www.jorgearevalo.com\/en\/wp-json\/wp\/v2\/media?parent=154"}],"curies":[{"name":"wp","href":"https:\/\/api.w.org\/{rel}","templated":true}]}}