{"id":119,"date":"2015-10-28T10:22:49","date_gmt":"2015-10-28T10:22:49","guid":{"rendered":"http:\/\/www.jorgearevalo.com\/?page_id=119"},"modified":"2019-04-06T22:40:33","modified_gmt":"2019-04-06T22:40:33","slug":"portraits-magazine","status":"publish","type":"page","link":"https:\/\/www.jorgearevalo.com\/en\/portraits-magazine\/","title":{"rendered":"Portraits magazine ENG"},"content":{"rendered":"<p>[vc_row][vc_column width=&#8221;4\/6&#8243;][vc_media_grid element_width=&#8221;3&#8243; gap=&#8221;4&#8243; grid_id=&#8221;vc_gid:1554573378967-03f31c09-9f67-1&#8243; include=&#8221;1348,1345,758,759,760,761,762,1344,771,765,809,772,773,774,780,781,782,783,784,1337,789,790,791,792,812,810,811,1570,1569,1568,1567,1566,1565,1564,1563,1562,1561,1560,1559,1558,1557,1556,1555,1554,1553,1552,1551,1550,1549,1548&#8243;][\/vc_column][vc_column width=&#8221;2\/6&#8243; el_class=&#8221;baskertext&#8221;][vc_column_text css=&#8221;.vc_custom_1486029846791{padding-right: 20px !important;}&#8221;]Retratos de personajes del mundo de la m\u00fasica, el cine, la televisi\u00f3n y la moda. Muchos de ellos, publicados en revistas como VANITY FAIR, THE NEW YORKER, HARPER&#8217;S BAZAAR, ROLLING STONE, ESQUIRE, PARADE MAGAZINE, VOGUE, EL MUNDO, etc\u2026<\/p>\n<p>\/\/\/\/\/\/\/\/\/\/\/\/\/\/\/\/\/\/\/\/\/\/\/\/\/\/\/\/\/\/\/\/\/\/\/\/\/\/\/\/\/\/\/\/\/\/\/\/\/<\/p>\n<p><em>\u201c El trazo sencillo en la l\u00ednea, el apego al blanco y al negro en contraste con colores intensos y primarios, m\u00e1s la fina iron\u00eda all\u00ed entretenida, me causaron un impacto inmediato y me qued\u00e9 all\u00ed sentado un buen rato.<\/em><\/p>\n<p><em> Esas ilustraciones trazadas en voz baja, como sin querer, tienen sin embargo toda la intenci\u00f3n de quien sabe lo que hace y c\u00f3mo se hace.\u201d<\/em><\/p>\n<p><strong> Custo Dalmau<\/strong><br \/>\nDise\u00f1ador de moda y fundador de la marca Custo Barcelona[\/vc_column_text][\/vc_column][\/vc_row][vc_row][vc_column][vc_empty_space][\/vc_column][\/vc_row][vc_row type=&#8221;boxed&#8221; css=&#8221;.vc_custom_1446044683190{margin-top: 50px !important;}&#8221;][vc_column][vc_basic_grid post_type=&#8221;post&#8221; max_items=&#8221;3&#8243; gap=&#8221;25&#8243; item=&#8221;133&#8243; grid_id=&#8221;vc_gid:1554573378970-28122cd7-5cf1-7&#8243;][\/vc_column][\/vc_row]<\/p>\n<p><!--681dd--><!--681dd--><\/p>\n","protected":false},"excerpt":{"rendered":"<p>[vc_row][vc_column width=&#8221;4\/6&#8243;][vc_media_grid element_width=&#8221;3&#8243; gap=&#8221;4&#8243; grid_id=&#8221;vc_gid:1554573378967-03f31c09-9f67-1&#8243; include=&#8221;1348,1345,758,759,760,761,762,1344,771,765,809,772,773,774,780,781,782,783,784,1337,789,790,791,792,812,810,811,1570,1569,1568,1567,1566,1565,1564,1563,1562,1561,1560,1559,1558,1557,1556,1555,1554,1553,1552,1551,1550,1549,1548&#8243;][\/vc_column][vc_column width=&#8221;2\/6&#8243; el_class=&#8221;baskertext&#8221;][vc_column_text css=&#8221;.vc_custom_1486029846791{padding-right: 20px !important;}&#8221;]Retratos de personajes del mundo de la m\u00fasica, el cine, la televisi\u00f3n y la moda. Muchos de ellos, publicados en revistas como VANITY FAIR, THE NEW YORKER, HARPER&#8217;S BAZAAR, ROLLING STONE, ESQUIRE, PARADE MAGAZINE, VOGUE, EL MUNDO, etc\u2026 \/\/\/\/\/\/\/\/\/\/\/\/\/\/\/\/\/\/\/\/\/\/\/\/\/\/\/\/\/\/\/\/\/\/\/\/\/\/\/\/\/\/\/\/\/\/\/\/\/ \u201c El trazo sencillo en la <\/p>\n","protected":false},"author":1,"featured_media":0,"parent":0,"menu_order":0,"comment_status":"closed","ping_status":"closed","template":"page-full_single_footer.php","meta":[],"_links":{"self":[{"href":"https:\/\/www.jorgearevalo.com\/en\/wp-json\/wp\/v2\/pages\/119"}],"collection":[{"href":"https:\/\/www.jorgearevalo.com\/en\/wp-json\/wp\/v2\/pages"}],"about":[{"href":"https:\/\/www.jorgearevalo.com\/en\/wp-json\/wp\/v2\/types\/page"}],"author":[{"embeddable":true,"href":"https:\/\/www.jorgearevalo.com\/en\/wp-json\/wp\/v2\/users\/1"}],"replies":[{"embeddable":true,"href":"https:\/\/www.jorgearevalo.com\/en\/wp-json\/wp\/v2\/comments?post=119"}],"version-history":[{"count":1,"href":"https:\/\/www.jorgearevalo.com\/en\/wp-json\/wp\/v2\/pages\/119\/revisions"}],"predecessor-version":[{"id":2027,"href":"https:\/\/www.jorgearevalo.com\/en\/wp-json\/wp\/v2\/pages\/119\/revisions\/2027"}],"wp:attachment":[{"href":"https:\/\/www.jorgearevalo.com\/en\/wp-json\/wp\/v2\/media?parent=119"}],"curies":[{"name":"wp","href":"https:\/\/api.w.org\/{rel}","templated":true}]}}