{"id":1045,"date":"2015-12-13T10:26:45","date_gmt":"2015-12-13T10:26:45","guid":{"rendered":"http:\/\/www.jorgearevalo.com\/en\/?page_id=1045"},"modified":"2019-04-06T22:40:58","modified_gmt":"2019-04-06T22:40:58","slug":"lifestyle-illustrations-eng","status":"publish","type":"page","link":"https:\/\/www.jorgearevalo.com\/en\/lifestyle-illustrations-eng\/","title":{"rendered":"Lifestyle Illustrations ENG"},"content":{"rendered":"<p>[vc_row][vc_column width=&#8221;4\/6&#8243;][vc_media_grid element_width=&#8221;3&#8243; gap=&#8221;4&#8243; grid_id=&#8221;vc_gid:1551821969765-788b26f8-df3e-2&#8243; include=&#8221;1816,1817,1818,1819,1820,1821,1823,1824,1825,1826,1827,1828,1829,1830,1831,1832,1833,1834,1835,1836,1837,1838,1839,1840,1841,1842&#8243;][\/vc_column][vc_column width=&#8221;2\/6&#8243; el_class=&#8221;baskertext&#8221;][vc_column_text css=&#8221;.vc_custom_1450002534716{padding-right: 20px !important;}&#8221;]Ilustraciones que forman parte de las colecciones de CUSTO BARCELONA. Trabajos dise\u00f1ados para su estampaci\u00f3n en tela: vestidos, pa\u00f1uelos, camisetas, etc.<\/p>\n<p>\/\/\/\/\/\/\/\/\/\/\/\/\/\/\/\/\/\/\/\/\/\/\/\/\/\/\/\/\/<\/p>\n<p>Selecci\u00f3n de ilustraciones incluidas en el libro BIS y en la exposici\u00f3n CHERCHEZ LA FEMME, muchas de ellas tambi\u00e9n incluidas en las colecciones de Custo Barcelona.<br \/>\n[\/vc_column_text][\/vc_column][\/vc_row][vc_row type=&#8221;boxed&#8221; css=&#8221;.vc_custom_1446044683190{margin-top: 50px !important;}&#8221;][vc_column][vc_basic_grid post_type=&#8221;post&#8221; max_items=&#8221;3&#8243; gap=&#8221;25&#8243; item=&#8221;133&#8243; grid_id=&#8221;vc_gid:1551821969767-81004954-32ba-1&#8243;][\/vc_column][\/vc_row]<\/p>\n","protected":false},"excerpt":{"rendered":"<p>[vc_row][vc_column width=&#8221;4\/6&#8243;][vc_media_grid element_width=&#8221;3&#8243; gap=&#8221;4&#8243; grid_id=&#8221;vc_gid:1551821969765-788b26f8-df3e-2&#8243; include=&#8221;1816,1817,1818,1819,1820,1821,1823,1824,1825,1826,1827,1828,1829,1830,1831,1832,1833,1834,1835,1836,1837,1838,1839,1840,1841,1842&#8243;][\/vc_column][vc_column width=&#8221;2\/6&#8243; el_class=&#8221;baskertext&#8221;][vc_column_text css=&#8221;.vc_custom_1450002534716{padding-right: 20px !important;}&#8221;]Ilustraciones que forman parte de las colecciones de CUSTO BARCELONA. Trabajos dise\u00f1ados para su estampaci\u00f3n en tela: vestidos, pa\u00f1uelos, camisetas, etc. \/\/\/\/\/\/\/\/\/\/\/\/\/\/\/\/\/\/\/\/\/\/\/\/\/\/\/\/\/ Selecci\u00f3n de ilustraciones incluidas en el libro BIS y en la exposici\u00f3n CHERCHEZ LA FEMME, muchas de ellas tambi\u00e9n incluidas en las colecciones <\/p>\n","protected":false},"author":1,"featured_media":0,"parent":0,"menu_order":0,"comment_status":"closed","ping_status":"closed","template":"page-full_single_footer.php","meta":[],"_links":{"self":[{"href":"https:\/\/www.jorgearevalo.com\/en\/wp-json\/wp\/v2\/pages\/1045"}],"collection":[{"href":"https:\/\/www.jorgearevalo.com\/en\/wp-json\/wp\/v2\/pages"}],"about":[{"href":"https:\/\/www.jorgearevalo.com\/en\/wp-json\/wp\/v2\/types\/page"}],"author":[{"embeddable":true,"href":"https:\/\/www.jorgearevalo.com\/en\/wp-json\/wp\/v2\/users\/1"}],"replies":[{"embeddable":true,"href":"https:\/\/www.jorgearevalo.com\/en\/wp-json\/wp\/v2\/comments?post=1045"}],"version-history":[{"count":1,"href":"https:\/\/www.jorgearevalo.com\/en\/wp-json\/wp\/v2\/pages\/1045\/revisions"}],"predecessor-version":[{"id":2028,"href":"https:\/\/www.jorgearevalo.com\/en\/wp-json\/wp\/v2\/pages\/1045\/revisions\/2028"}],"wp:attachment":[{"href":"https:\/\/www.jorgearevalo.com\/en\/wp-json\/wp\/v2\/media?parent=1045"}],"curies":[{"name":"wp","href":"https:\/\/api.w.org\/{rel}","templated":true}]}}